{"id":95065,"date":"2024-07-04T09:33:43","date_gmt":"2024-07-04T07:33:43","guid":{"rendered":"https:\/\/arcanesconseils.ch\/contact\/"},"modified":"2025-06-25T15:12:20","modified_gmt":"2025-06-25T13:12:20","slug":"contact","status":"publish","type":"page","link":"https:\/\/arcanesconseils.ch\/en\/contact\/","title":{"rendered":"Contact"},"content":{"rendered":"\t\t<div data-elementor-type=\"wp-page\" data-elementor-id=\"95065\" class=\"elementor elementor-95065 elementor-82621\">\n\t\t\t\t<div class=\"elementor-element elementor-element-59d164cb e-flex e-con-boxed text-reveal-no e-con e-parent\" data-id=\"59d164cb\" data-element_type=\"container\">\n\t\t\t\t\t<div class=\"e-con-inner\">\n\t\t<div class=\"elementor-element elementor-element-76e91716 e-con-full e-flex text-reveal-no e-con e-child\" data-id=\"76e91716\" data-element_type=\"container\">\n\t\t<div class=\"elementor-element elementor-element-1a825531 e-con-full cus-hover-eft e-flex text-reveal-no e-con e-child\" data-id=\"1a825531\" data-element_type=\"container\" data-settings=\"{&quot;background_background&quot;:&quot;classic&quot;}\">\n\t\t\t\t<div class=\"elementor-element elementor-element-762f85f9 cea-view-default elementor-widget elementor-widget-ceafeaturebox\" data-id=\"762f85f9\" data-element_type=\"widget\" data-widget_type=\"ceafeaturebox.default\">\n\t\t\t\t<div class=\"elementor-widget-container feature-box-wrapper feature-box-default\">\n\t\t\t<div class=\"feature-box-inner\"><div class=\"fbox-number\">01<\/div><figure class=\"cea-feature-box-img\"><img decoding=\"async\" width=\"48\" height=\"48\" src=\"https:\/\/arcanesconseils.ch\/wp-content\/uploads\/2025\/05\/icons8-location-48.png\" class=\"attachment-full size-full\" alt=\"\" \/><\/figure><h4 class=\"feature-box-title\">Address<\/h4><div class=\"fbox-content\">Av. Rosemont 12 bis | 1208 Geneva Switzerland <\/div><\/div>\t\t<\/div>\n\t\t\t\t<\/div>\n\t\t\t\t<\/div>\n\t\t<div class=\"elementor-element elementor-element-734aaf94 e-con-full cus-hover-eft e-flex text-reveal-no e-con e-child\" data-id=\"734aaf94\" data-element_type=\"container\" data-settings=\"{&quot;background_background&quot;:&quot;classic&quot;}\">\n\t\t\t\t<div class=\"elementor-element elementor-element-7b1105ec cea-view-default elementor-widget elementor-widget-ceafeaturebox\" data-id=\"7b1105ec\" data-element_type=\"widget\" data-widget_type=\"ceafeaturebox.default\">\n\t\t\t\t<div class=\"elementor-widget-container feature-box-wrapper feature-box-default\">\n\t\t\t<div class=\"feature-box-inner\"><div class=\"fbox-number\">02<\/div><figure class=\"cea-feature-box-img\"><img decoding=\"async\" width=\"48\" height=\"48\" src=\"https:\/\/arcanesconseils.ch\/wp-content\/uploads\/2025\/05\/icons8-phone-48.png\" class=\"attachment-full size-full\" alt=\"\" \/><\/figure><h4 class=\"feature-box-title\">Phone<\/h4><div class=\"fbox-content\"><a href=\"tel:+41799592604%20class=\" phone=\"\">+41 79 959 26 04<\/a><\/h4> |\n<a href=\"tel:+41766079972%20class=\" phone=\"\">+41 76 607 99 72<\/a><\/h4>\n<\/div><\/div>\t\t<\/div>\n\t\t\t\t<\/div>\n\t\t\t\t<\/div>\n\t\t<div class=\"elementor-element elementor-element-64fb0ccf e-con-full cus-hover-eft e-flex text-reveal-no e-con e-child\" data-id=\"64fb0ccf\" data-element_type=\"container\" data-settings=\"{&quot;background_background&quot;:&quot;classic&quot;}\">\n\t\t\t\t<div class=\"elementor-element elementor-element-6972837 cea-view-default elementor-widget elementor-widget-ceafeaturebox\" data-id=\"6972837\" data-element_type=\"widget\" data-widget_type=\"ceafeaturebox.default\">\n\t\t\t\t<div class=\"elementor-widget-container feature-box-wrapper feature-box-default\">\n\t\t\t<div class=\"feature-box-inner\"><div class=\"fbox-number\">03<\/div><figure class=\"cea-feature-box-img\"><img decoding=\"async\" width=\"48\" height=\"48\" src=\"https:\/\/arcanesconseils.ch\/wp-content\/uploads\/2025\/05\/icons8-clock-48.png\" class=\"attachment-full size-full\" alt=\"\" \/><\/figure><h4 class=\"feature-box-title\">Opening hours<\/h4><div class=\"fbox-content\"><div class=\"open-hrs\">Monday-Friday<span> 8:00 - 18:00<\/span><\/div><\/div>\t\t<\/div>\n\t\t\t\t<\/div>\n\t\t\t\t<\/div>\n\t\t\t\t<\/div>\n\t\t\t\t\t<\/div>\n\t\t\t\t<\/div>\n\t\t<div class=\"elementor-element elementor-element-1ba2ef58 e-flex e-con-boxed text-reveal-no e-con e-parent\" data-id=\"1ba2ef58\" data-element_type=\"container\">\n\t\t\t\t\t<div class=\"e-con-inner\">\n\t\t<div class=\"elementor-element elementor-element-5317f304 e-flex e-con-boxed text-reveal-no e-con e-child\" data-id=\"5317f304\" data-element_type=\"container\" data-settings=\"{&quot;background_background&quot;:&quot;classic&quot;}\">\n\t\t\t\t\t<div class=\"e-con-inner\">\n\t\t<div class=\"elementor-element elementor-element-13463a2c e-con-full e-flex text-reveal-no e-con e-child\" data-id=\"13463a2c\" data-element_type=\"container\" data-settings=\"{&quot;background_background&quot;:&quot;classic&quot;}\">\n\t\t\t\t<div class=\"elementor-element elementor-element-1bb01192 cea-tablet-align-center elementor-widget elementor-widget-ceasectiontitle\" data-id=\"1bb01192\" data-element_type=\"widget\" data-widget_type=\"ceasectiontitle.default\">\n\t\t\t\t<div class=\"elementor-widget-container\">\n\t\t\t\t\t<div class=\"section-title-wrapper\"><div class=\"title-wrap\"><h3 class=\"section-title none\" data-animation=\"none\">Contact us for a personalized consultation<\/h3><\/div><!-- .title-wrap --><div class=\"section-description\"><\/div><!-- .section-description --><\/div><!-- .section-title-wrapper -->\t\t\t\t<\/div>\n\t\t\t\t<\/div>\n\t\t\t\t<div class=\"elementor-element elementor-element-41a60ad2 elementor-widget elementor-widget-contactform\" data-id=\"41a60ad2\" data-element_type=\"widget\" data-widget_type=\"contactform.default\">\n\t\t\t\t<div class=\"elementor-widget-container\">\n\t\t\t\t\t<div class=\"contact-form-wrapper cf-style-classic\"><div class=\"contact-form\">\n<div class=\"wpcf7 no-js\" id=\"wpcf7-f95070-o1\" lang=\"en-US\" dir=\"ltr\" data-wpcf7-id=\"95070\">\n<div class=\"screen-reader-response\"><p role=\"status\" aria-live=\"polite\" aria-atomic=\"true\"><\/p> <ul><\/ul><\/div>\n<form action=\"\/en\/wp-json\/wp\/v2\/pages\/95065#wpcf7-f95070-o1\" method=\"post\" class=\"wpcf7-form init\" aria-label=\"Contact form\" novalidate=\"novalidate\" data-status=\"init\">\n<div style=\"display: none;\">\n<input type=\"hidden\" name=\"_wpcf7\" value=\"95070\" \/>\n<input type=\"hidden\" name=\"_wpcf7_version\" value=\"6.0.6\" \/>\n<input type=\"hidden\" name=\"_wpcf7_locale\" value=\"en_US\" \/>\n<input type=\"hidden\" name=\"_wpcf7_unit_tag\" value=\"wpcf7-f95070-o1\" \/>\n<input type=\"hidden\" name=\"_wpcf7_container_post\" value=\"0\" \/>\n<input type=\"hidden\" name=\"_wpcf7_posted_data_hash\" value=\"\" \/>\n<\/div>\n<div class=\"row\">\n\t<div class=\"col-md-6\">\n\t\t<p><span class=\"wpcf7-form-control-wrap\" data-name=\"your-name\"><input size=\"40\" maxlength=\"400\" class=\"wpcf7-form-control wpcf7-text wpcf7-validates-as-required\" aria-required=\"true\" aria-invalid=\"false\" placeholder=\"Name *\" value=\"\" type=\"text\" name=\"your-name\" \/><\/span>\n\t\t<\/p>\n\t<\/div>\n\t<div class=\"col-md-6\">\n\t\t<p><span class=\"wpcf7-form-control-wrap\" data-name=\"tel-977\"><input size=\"40\" maxlength=\"400\" class=\"wpcf7-form-control wpcf7-tel wpcf7-validates-as-required wpcf7-text wpcf7-validates-as-tel\" aria-required=\"true\" aria-invalid=\"false\" placeholder=\"Phone\" value=\"\" type=\"tel\" name=\"tel-977\" \/><\/span>\n\t\t<\/p>\n\t<\/div>\n\t<div class=\"col-md-6\">\n\t\t<p><span class=\"wpcf7-form-control-wrap\" data-name=\"your-email\"><input size=\"40\" maxlength=\"400\" class=\"wpcf7-form-control wpcf7-email wpcf7-validates-as-required wpcf7-text wpcf7-validates-as-email\" aria-required=\"true\" aria-invalid=\"false\" placeholder=\"Email *\" value=\"\" type=\"email\" name=\"your-email\" \/><\/span>\n\t\t<\/p>\n\t<\/div>\n\t<div class=\"col-md-6\">\n\t\t<p><span class=\"wpcf7-form-control-wrap\" data-name=\"your-subject\"><input size=\"40\" maxlength=\"400\" class=\"wpcf7-form-control wpcf7-text\" aria-invalid=\"false\" placeholder=\"Subject\" value=\"\" type=\"text\" name=\"your-subject\" \/><\/span>\n\t\t<\/p>\n\t<\/div>\n\t<div class=\"col-md-12\">\n\t\t<p><span class=\"wpcf7-form-control-wrap\" data-name=\"your-message\"><textarea cols=\"40\" rows=\"10\" maxlength=\"2000\" class=\"wpcf7-form-control wpcf7-textarea\" aria-invalid=\"false\" placeholder=\"Message\" name=\"your-message\"><\/textarea><\/span>\n\t\t<\/p>\n\t<\/div>\n\t<p><span class=\"wpcf7-form-control-wrap kc_captcha cf7ic-toggle\" data-name=\"kc_captcha\"><span class=\"wpcf7-form-control wpcf7-radio\"><span class=\"captcha-image\" style=\"display: none;\"><span class=\"cf7ic_instructions\">Please prove you are human by selecting the<span> car<\/span>.<\/span><label><input aria-label=\"1\" type=\"radio\" name=\"kc_captcha\" value=\"bot\" \/><svg aria-hidden=\"true\" role=\"img\" xmlns=\"http:\/\/www.w3.org\/2000\/svg\" viewBox=\"0 0 576 512\"><path fill=\"currentColor\" d=\"M488 313v143c0 13-11 24-24 24H348c-7 0-12-5-12-12V356c0-7-5-12-12-12h-72c-7 0-12 5-12 12v112c0 7-5 12-12 12H112c-13 0-24-11-24-24V313c0-4 2-7 4-10l188-154c5-4 11-4 16 0l188 154c2 3 4 6 4 10zm84-61l-84-69V44c0-6-5-12-12-12h-56c-7 0-12 6-12 12v73l-89-74a48 48 0 00-61 0L4 252c-5 4-5 12-1 17l25 31c5 5 12 5 17 1l235-193c5-4 11-4 16 0l235 193c5 5 13 4 17-1l25-31c4-6 4-13-1-17z\"\/><\/svg><\/label><label><input aria-label=\"2\" type=\"radio\" name=\"kc_captcha\" value=\"kc_human\" \/><svg aria-hidden=\"true\" role=\"img\" xmlns=\"http:\/\/www.w3.org\/2000\/svg\" viewBox=\"0 0 512 512\"><path fill=\"currentColor\" d=\"M500 168h-55l-8-21a127 127 0 00-120-83H195a127 127 0 00-120 83l-8 21H12c-8 0-14 8-11 16l8 24a12 12 0 0011 8h29a64 64 0 00-33 56v48c0 16 6 31 16 42v62c0 13 11 24 24 24h48c13 0 24-11 24-24v-40h256v40c0 13 11 24 24 24h48c13 0 24-11 24-24v-62c10-11 16-26 16-42v-48c0-24-13-45-33-56h29a12 12 0 0011-8l8-24c3-8-3-16-11-16zm-365 2c9-25 33-42 60-42h122c27 0 51 17 60 42l15 38H120l15-38zM88 328a32 32 0 010-64c18 0 48 30 48 48s-30 16-48 16zm336 0c-18 0-48 2-48-16s30-48 48-48 32 14 32 32-14 32-32 32z\"\/><\/svg><\/label><label><input aria-label=\"3\" type=\"radio\" name=\"kc_captcha\" value=\"bot\" \/><svg aria-hidden=\"true\" role=\"img\" xmlns=\"http:\/\/www.w3.org\/2000\/svg\" viewBox=\"0 0 512 512\"><path fill=\"currentColor\" d=\"M350 99c-54 0-98-35-166-35-25 0-47 4-68 12a56 56 0 004-24C118 24 95 1 66 0a56 56 0 00-34 102v386c0 13 11 24 24 24h16c13 0 24-11 24-24v-94c28-12 64-23 114-23 54 0 98 35 166 35 48 0 86-16 122-41 9-6 14-15 14-26V96c0-23-24-39-45-29-35 16-77 32-117 32z\"\/><\/svg><\/label>\r\n    <\/span>\r\n    <span style=\"display:none\">\r\n        <input type=\"text\" name=\"kc_honeypot\">\r\n    <\/span><\/span><\/span>\n\t<\/p>\n\t<div class=\"col-md-12\">\n\t\t<p><input class=\"wpcf7-form-control wpcf7-submit has-spinner\" type=\"submit\" value=\"Send\" \/>\n\t\t<\/p>\n\t<\/div>\n<\/div><div class=\"wpcf7-response-output\" aria-hidden=\"true\"><\/div>\n<\/form>\n<\/div>\n<\/div><!-- .contact-form --><\/div><!-- .contact-form-wrapper -->\t\t\t\t<\/div>\n\t\t\t\t<\/div>\n\t\t\t\t<\/div>\n\t\t<div class=\"elementor-element elementor-element-710d828d e-flex e-con-boxed text-reveal-no e-con e-child\" data-id=\"710d828d\" data-element_type=\"container\">\n\t\t\t\t\t<div class=\"e-con-inner\">\n\t\t<div class=\"elementor-element elementor-element-69bb496c e-con-full e-flex text-reveal-no e-con e-child\" data-id=\"69bb496c\" data-element_type=\"container\">\n\t\t<div class=\"elementor-element elementor-element-682c8c95 e-con-full e-flex text-reveal-no e-con e-child\" data-id=\"682c8c95\" data-element_type=\"container\">\n\t\t\t\t<div class=\"elementor-element elementor-element-114f795f elementor-widget elementor-widget-google_maps\" data-id=\"114f795f\" data-element_type=\"widget\" data-widget_type=\"google_maps.default\">\n\t\t\t\t<div class=\"elementor-widget-container\">\n\t\t\t\t\t\t\t<div class=\"elementor-custom-embed\">\n\t\t\t<iframe loading=\"lazy\"\n\t\t\t\t\tsrc=\"https:\/\/maps.google.com\/maps?q=Av.%20Rosemont%2012%20bis%201208%20Gen%C3%A8ve%20Suisse&#038;t=m&#038;z=17&#038;output=embed&#038;iwloc=near\"\n\t\t\t\t\ttitle=\"Av. Rosemont 12 bis 1208 Gen\u00e8ve Suisse\"\n\t\t\t\t\taria-label=\"Av. Rosemont 12 bis 1208 Gen\u00e8ve Suisse\"\n\t\t\t><\/iframe>\n\t\t<\/div>\n\t\t\t\t\t\t<\/div>\n\t\t\t\t<\/div>\n\t\t\t\t<\/div>\n\t\t\t\t<\/div>\n\t\t\t\t\t<\/div>\n\t\t\t\t<\/div>\n\t\t\t\t\t<\/div>\n\t\t\t\t<\/div>\n\t\t\t\t\t<\/div>\n\t\t\t\t<\/div>\n\t\t\t\t<\/div>\n\t\t","protected":false},"excerpt":{"rendered":"<p>01 Address Av. Rosemont 12 bis | 1208 Geneva Switzerland 02 Phone +41 79 959 26 04 | +41 76 607 99 72 03 Opening hours Monday-Friday..<\/p>\n","protected":false},"author":1,"featured_media":0,"parent":0,"menu_order":0,"comment_status":"closed","ping_status":"closed","template":"","meta":{"footnotes":""},"class_list":["post-95065","page","type-page","status-publish","hentry"],"yoast_head":"<!-- This site is optimized with the Yoast SEO plugin v25.3.1 - https:\/\/yoast.com\/wordpress\/plugins\/seo\/ -->\n<title>Contact | Arcanes Conseils - Cabinet de gestion de performance<\/title>\n<meta name=\"description\" content=\"ARCANES CONSEILS is at your disposal to discuss your projects and offer you solutions to optimize the management of your assets.\" \/>\n<meta name=\"robots\" content=\"index, follow, max-snippet:-1, max-image-preview:large, max-video-preview:-1\" \/>\n<link rel=\"canonical\" href=\"https:\/\/arcanesconseils.ch\/en\/contact\/\" \/>\n<meta property=\"og:locale\" content=\"en_US\" \/>\n<meta property=\"og:type\" content=\"article\" \/>\n<meta property=\"og:title\" content=\"Contact | Arcanes Conseils - Cabinet de gestion de performance\" \/>\n<meta property=\"og:description\" content=\"ARCANES CONSEILS is at your disposal to discuss your projects and offer you solutions to optimize the management of your assets.\" \/>\n<meta property=\"og:url\" content=\"https:\/\/arcanesconseils.ch\/en\/contact\/\" \/>\n<meta property=\"og:site_name\" content=\"Arcanes Conseils - Cabinet de gestion de performance\" \/>\n<meta property=\"article:publisher\" content=\"https:\/\/www.linkedin.com\/company\/arcanes-conseils\/\" \/>\n<meta property=\"article:modified_time\" content=\"2025-06-25T13:12:20+00:00\" \/>\n<meta property=\"og:image\" content=\"https:\/\/arcanesconseils.ch\/wp-content\/uploads\/2025\/05\/icons8-location-48.png\" \/>\n<meta name=\"twitter:card\" content=\"summary_large_image\" \/>\n<meta name=\"twitter:label1\" content=\"Est. reading time\" \/>\n\t<meta name=\"twitter:data1\" content=\"1 minute\" \/>\n<script type=\"application\/ld+json\" class=\"yoast-schema-graph\">{\"@context\":\"https:\/\/schema.org\",\"@graph\":[{\"@type\":\"WebPage\",\"@id\":\"https:\/\/arcanesconseils.ch\/en\/contact\/\",\"url\":\"https:\/\/arcanesconseils.ch\/en\/contact\/\",\"name\":\"Contact | Arcanes Conseils - Cabinet de gestion de performance\",\"isPartOf\":{\"@id\":\"https:\/\/arcanesconseils.ch\/en\/#website\"},\"primaryImageOfPage\":{\"@id\":\"https:\/\/arcanesconseils.ch\/en\/contact\/#primaryimage\"},\"image\":{\"@id\":\"https:\/\/arcanesconseils.ch\/en\/contact\/#primaryimage\"},\"thumbnailUrl\":\"https:\/\/arcanesconseils.ch\/wp-content\/uploads\/2025\/05\/icons8-location-48.png\",\"datePublished\":\"2024-07-04T07:33:43+00:00\",\"dateModified\":\"2025-06-25T13:12:20+00:00\",\"description\":\"ARCANES CONSEILS is at your disposal to discuss your projects and offer you solutions to optimize the management of your assets.\",\"breadcrumb\":{\"@id\":\"https:\/\/arcanesconseils.ch\/en\/contact\/#breadcrumb\"},\"inLanguage\":\"en-US\",\"potentialAction\":[{\"@type\":\"ReadAction\",\"target\":[\"https:\/\/arcanesconseils.ch\/en\/contact\/\"]}]},{\"@type\":\"ImageObject\",\"inLanguage\":\"en-US\",\"@id\":\"https:\/\/arcanesconseils.ch\/en\/contact\/#primaryimage\",\"url\":\"https:\/\/arcanesconseils.ch\/wp-content\/uploads\/2025\/05\/icons8-location-48.png\",\"contentUrl\":\"https:\/\/arcanesconseils.ch\/wp-content\/uploads\/2025\/05\/icons8-location-48.png\"},{\"@type\":\"BreadcrumbList\",\"@id\":\"https:\/\/arcanesconseils.ch\/en\/contact\/#breadcrumb\",\"itemListElement\":[{\"@type\":\"ListItem\",\"position\":1,\"name\":\"Accueil\",\"item\":\"https:\/\/arcanesconseils.ch\/en\/\"},{\"@type\":\"ListItem\",\"position\":2,\"name\":\"Contact\"}]},{\"@type\":\"WebSite\",\"@id\":\"https:\/\/arcanesconseils.ch\/en\/#website\",\"url\":\"https:\/\/arcanesconseils.ch\/en\/\",\"name\":\"Arcanes Conseils - Cabinet de gestion de performance\",\"description\":\"Votre partenaire de confiance \u00e0 Gen\u00e8ve - gestion administrative et financi\u00e8re - gestion organisationnelle\",\"publisher\":{\"@id\":\"https:\/\/arcanesconseils.ch\/en\/#organization\"},\"potentialAction\":[{\"@type\":\"SearchAction\",\"target\":{\"@type\":\"EntryPoint\",\"urlTemplate\":\"https:\/\/arcanesconseils.ch\/en\/?s={search_term_string}\"},\"query-input\":{\"@type\":\"PropertyValueSpecification\",\"valueRequired\":true,\"valueName\":\"search_term_string\"}}],\"inLanguage\":\"en-US\"},{\"@type\":\"Organization\",\"@id\":\"https:\/\/arcanesconseils.ch\/en\/#organization\",\"name\":\"Arcanes Conseils - Cabinet de gestion de performance\",\"url\":\"https:\/\/arcanesconseils.ch\/en\/\",\"logo\":{\"@type\":\"ImageObject\",\"inLanguage\":\"en-US\",\"@id\":\"https:\/\/arcanesconseils.ch\/en\/#\/schema\/logo\/image\/\",\"url\":\"https:\/\/arcanesconseils.ch\/wp-content\/uploads\/2025\/06\/Logo-Arcanes-1.png\",\"contentUrl\":\"https:\/\/arcanesconseils.ch\/wp-content\/uploads\/2025\/06\/Logo-Arcanes-1.png\",\"width\":320,\"height\":219,\"caption\":\"Arcanes Conseils - Cabinet de gestion de performance\"},\"image\":{\"@id\":\"https:\/\/arcanesconseils.ch\/en\/#\/schema\/logo\/image\/\"},\"sameAs\":[\"https:\/\/www.linkedin.com\/company\/arcanes-conseils\/\"]}]}<\/script>\n<!-- \/ Yoast SEO plugin. -->","yoast_head_json":{"title":"Contact | Arcanes Conseils - Cabinet de gestion de performance","description":"ARCANES CONSEILS is at your disposal to discuss your projects and offer you solutions to optimize the management of your assets.","robots":{"index":"index","follow":"follow","max-snippet":"max-snippet:-1","max-image-preview":"max-image-preview:large","max-video-preview":"max-video-preview:-1"},"canonical":"https:\/\/arcanesconseils.ch\/en\/contact\/","og_locale":"en_US","og_type":"article","og_title":"Contact | Arcanes Conseils - Cabinet de gestion de performance","og_description":"ARCANES CONSEILS is at your disposal to discuss your projects and offer you solutions to optimize the management of your assets.","og_url":"https:\/\/arcanesconseils.ch\/en\/contact\/","og_site_name":"Arcanes Conseils - Cabinet de gestion de performance","article_publisher":"https:\/\/www.linkedin.com\/company\/arcanes-conseils\/","article_modified_time":"2025-06-25T13:12:20+00:00","og_image":[{"url":"https:\/\/arcanesconseils.ch\/wp-content\/uploads\/2025\/05\/icons8-location-48.png","type":"","width":"","height":""}],"twitter_card":"summary_large_image","twitter_misc":{"Est. reading time":"1 minute"},"schema":{"@context":"https:\/\/schema.org","@graph":[{"@type":"WebPage","@id":"https:\/\/arcanesconseils.ch\/en\/contact\/","url":"https:\/\/arcanesconseils.ch\/en\/contact\/","name":"Contact | Arcanes Conseils - Cabinet de gestion de performance","isPartOf":{"@id":"https:\/\/arcanesconseils.ch\/en\/#website"},"primaryImageOfPage":{"@id":"https:\/\/arcanesconseils.ch\/en\/contact\/#primaryimage"},"image":{"@id":"https:\/\/arcanesconseils.ch\/en\/contact\/#primaryimage"},"thumbnailUrl":"https:\/\/arcanesconseils.ch\/wp-content\/uploads\/2025\/05\/icons8-location-48.png","datePublished":"2024-07-04T07:33:43+00:00","dateModified":"2025-06-25T13:12:20+00:00","description":"ARCANES CONSEILS is at your disposal to discuss your projects and offer you solutions to optimize the management of your assets.","breadcrumb":{"@id":"https:\/\/arcanesconseils.ch\/en\/contact\/#breadcrumb"},"inLanguage":"en-US","potentialAction":[{"@type":"ReadAction","target":["https:\/\/arcanesconseils.ch\/en\/contact\/"]}]},{"@type":"ImageObject","inLanguage":"en-US","@id":"https:\/\/arcanesconseils.ch\/en\/contact\/#primaryimage","url":"https:\/\/arcanesconseils.ch\/wp-content\/uploads\/2025\/05\/icons8-location-48.png","contentUrl":"https:\/\/arcanesconseils.ch\/wp-content\/uploads\/2025\/05\/icons8-location-48.png"},{"@type":"BreadcrumbList","@id":"https:\/\/arcanesconseils.ch\/en\/contact\/#breadcrumb","itemListElement":[{"@type":"ListItem","position":1,"name":"Accueil","item":"https:\/\/arcanesconseils.ch\/en\/"},{"@type":"ListItem","position":2,"name":"Contact"}]},{"@type":"WebSite","@id":"https:\/\/arcanesconseils.ch\/en\/#website","url":"https:\/\/arcanesconseils.ch\/en\/","name":"Arcanes Conseils - Cabinet de gestion de performance","description":"Votre partenaire de confiance \u00e0 Gen\u00e8ve - gestion administrative et financi\u00e8re - gestion organisationnelle","publisher":{"@id":"https:\/\/arcanesconseils.ch\/en\/#organization"},"potentialAction":[{"@type":"SearchAction","target":{"@type":"EntryPoint","urlTemplate":"https:\/\/arcanesconseils.ch\/en\/?s={search_term_string}"},"query-input":{"@type":"PropertyValueSpecification","valueRequired":true,"valueName":"search_term_string"}}],"inLanguage":"en-US"},{"@type":"Organization","@id":"https:\/\/arcanesconseils.ch\/en\/#organization","name":"Arcanes Conseils - Cabinet de gestion de performance","url":"https:\/\/arcanesconseils.ch\/en\/","logo":{"@type":"ImageObject","inLanguage":"en-US","@id":"https:\/\/arcanesconseils.ch\/en\/#\/schema\/logo\/image\/","url":"https:\/\/arcanesconseils.ch\/wp-content\/uploads\/2025\/06\/Logo-Arcanes-1.png","contentUrl":"https:\/\/arcanesconseils.ch\/wp-content\/uploads\/2025\/06\/Logo-Arcanes-1.png","width":320,"height":219,"caption":"Arcanes Conseils - Cabinet de gestion de performance"},"image":{"@id":"https:\/\/arcanesconseils.ch\/en\/#\/schema\/logo\/image\/"},"sameAs":["https:\/\/www.linkedin.com\/company\/arcanes-conseils\/"]}]}},"_links":{"self":[{"href":"https:\/\/arcanesconseils.ch\/en\/wp-json\/wp\/v2\/pages\/95065","targetHints":{"allow":["GET"]}}],"collection":[{"href":"https:\/\/arcanesconseils.ch\/en\/wp-json\/wp\/v2\/pages"}],"about":[{"href":"https:\/\/arcanesconseils.ch\/en\/wp-json\/wp\/v2\/types\/page"}],"author":[{"embeddable":true,"href":"https:\/\/arcanesconseils.ch\/en\/wp-json\/wp\/v2\/users\/1"}],"replies":[{"embeddable":true,"href":"https:\/\/arcanesconseils.ch\/en\/wp-json\/wp\/v2\/comments?post=95065"}],"version-history":[{"count":7,"href":"https:\/\/arcanesconseils.ch\/en\/wp-json\/wp\/v2\/pages\/95065\/revisions"}],"predecessor-version":[{"id":95111,"href":"https:\/\/arcanesconseils.ch\/en\/wp-json\/wp\/v2\/pages\/95065\/revisions\/95111"}],"wp:attachment":[{"href":"https:\/\/arcanesconseils.ch\/en\/wp-json\/wp\/v2\/media?parent=95065"}],"curies":[{"name":"wp","href":"https:\/\/api.w.org\/{rel}","templated":true}]}}