{"id":95014,"date":"2024-07-04T09:36:44","date_gmt":"2024-07-04T07:36:44","guid":{"rendered":"https:\/\/arcanesconseils.ch\/legal-notices\/"},"modified":"2025-06-25T15:07:48","modified_gmt":"2025-06-25T13:07:48","slug":"legal-notices","status":"publish","type":"page","link":"https:\/\/arcanesconseils.ch\/en\/legal-notices\/","title":{"rendered":"Legal notices"},"content":{"rendered":"\t\t<div data-elementor-type=\"wp-page\" data-elementor-id=\"95014\" class=\"elementor elementor-95014 elementor-82637\">\n\t\t\t\t<div class=\"elementor-element elementor-element-a9e5c1f e-flex e-con-boxed text-reveal-no e-con e-parent\" data-id=\"a9e5c1f\" data-element_type=\"container\" data-settings=\"{&quot;background_background&quot;:&quot;classic&quot;}\">\n\t\t\t\t\t<div class=\"e-con-inner\">\n\t\t<div class=\"elementor-element elementor-element-91aa4b7 e-con-full e-flex text-reveal-no e-con e-child\" data-id=\"91aa4b7\" data-element_type=\"container\" data-settings=\"{&quot;background_background&quot;:&quot;classic&quot;}\">\n\t\t\t\t<div class=\"elementor-element elementor-element-8305211 elementor-widget elementor-widget-text-editor\" data-id=\"8305211\" data-element_type=\"widget\" data-widget_type=\"text-editor.default\">\n\t\t\t\t<div class=\"elementor-widget-container\">\n\t\t\t\t\t\t\t\t\t<p><span style=\"color: #000000;\"><strong>Social reason<\/strong> : ARCANES CONSEILS SARL<\/span><br><span style=\"color: #000000;\"><strong>Address<\/strong> : Av. Rosemont 12 bis | 1208 Geneva Switzerland <\/span><br><span style=\"color: #000000;\"><strong>Phone<\/strong> : <a style=\"color: #000000;\" href=\"tel:+41799592604%20class=\">+41 79 959 26 04<\/a> | <a style=\"color: #000000;\" href=\"tel:+41766079972%20class=\">+41 76 607 99 72<\/a><\/span><\/p><p><span style=\"color: #000000;\">www.arcanesconseils.ch is the website of ARCANES CONSEILS.<\/span><\/p><p><span style=\"color: #000000;\"><strong>Design<\/strong> : <a style=\"color: #000000;\" href=\"https:\/\/www.ggcommunications.ch\/\" target=\"_blank\" rel=\"noopener\">G&amp;G communications<\/a><\/span><\/p><h4><span style=\"color: #000000;\">Copyright<\/span><\/h4><p><span style=\"color: #000000;\">This entire site is subject to Swiss and international legislation on copyright and intellectual property. All reproduction rights are reserved, including downloadable documents and iconographic and photographic representations. The reproduction of all or part of this site on any electronic medium is strictly prohibited without express authorization from the publication director.  <\/span><\/p><h4><span style=\"color: #000000;\">Personal data protection<\/span><\/h4><p><span style=\"color: #000000;\">No personal information is collected without your knowledge. No personal information is disclosed to third parties. No personal information is used for unintended purposes. The information requested from you when subscribing to the site\u2019s publications and newsletters is essential for access to these documents.   <\/span><br><span style=\"color: #000000;\">The sole recipient of this information is ARCANES CONSEILS, with whom the rights of access and rectification may be exercised.<\/span><br><span style=\"color: #000000;\">Addresses of all types (postal or electronic mail) cannot under any circumstances be transferred to third parties or communicated for unintended purposes.<\/span><br><span style=\"color: #000000;\">In accordance with the new data protection law (LPD) of September 1, 2023 relating to computing, files and freedoms, you have a right of access and rectification to information concerning you with the person responsible for the publication. To exercise this right, the Customer can send an email in the \u201ccontact us\u201d section. <\/span><\/p><h4><span style=\"color: #000000;\">Editing the site<\/span><\/h4><p><span style=\"color: #000000;\">The editorial team reserves the right to modify or correct the content of this site and this legal notice at any time without notice.<\/span><\/p><h4><span style=\"color: #000000;\">Disclaimer<\/span><\/h4><p><span style=\"color: #000000;\">It is up to the user of this site to take all appropriate measures to protect their own data and\/or software from contamination by possible viruses circulating on the Internet. ARCANES CONSEILS cannot be held responsible for direct or indirect damage resulting from the use of this website. This website is governed by Swiss law.  <\/span><\/p><h5><span style=\"color: #000000;\">Web hosting<\/span><\/h5><p><span style=\"color: #000000;\">www.arcanesconseils.ch is hosted by:<\/span><br><span style=\"color: #000000;\">INFOMANIAK<\/span><br><span style=\"color: #000000;\">Rue Eug\u00e8ne-Marziano 25 1227 Gen\u00e8ve, Suisse<\/span><br><span style=\"color: #000000;\">+41 22 820 35 44I<\/span><\/p>\t\t\t\t\t\t\t\t<\/div>\n\t\t\t\t<\/div>\n\t\t\t\t<\/div>\n\t\t\t\t\t<\/div>\n\t\t\t\t<\/div>\n\t\t\t\t<\/div>\n\t\t","protected":false},"excerpt":{"rendered":"<p>Social reason : ARCANES CONSEILS SARLAddress : Av. Rosemont 12 bis | 1208 Geneva Switzerland Phone : +41 79 959 26 04 | +41 76 607 99..<\/p>\n","protected":false},"author":1,"featured_media":0,"parent":0,"menu_order":0,"comment_status":"closed","ping_status":"closed","template":"","meta":{"footnotes":""},"class_list":["post-95014","page","type-page","status-publish","hentry"],"yoast_head":"<!-- This site is optimized with the Yoast SEO plugin v25.3.1 - https:\/\/yoast.com\/wordpress\/plugins\/seo\/ -->\n<title>Legal notices | Arcanes Conseils - Cabinet de gestion de performance<\/title>\n<meta name=\"robots\" content=\"noindex, nofollow\" \/>\n<meta property=\"og:locale\" content=\"en_US\" \/>\n<meta property=\"og:type\" content=\"article\" \/>\n<meta property=\"og:title\" content=\"Legal notices | Arcanes Conseils - Cabinet de gestion de performance\" \/>\n<meta property=\"og:description\" content=\"Social reason : ARCANES CONSEILS SARLAddress : Av. Rosemont 12 bis | 1208 Geneva Switzerland Phone : +41 79 959 26 04 | +41 76 607 99..\" \/>\n<meta property=\"og:url\" content=\"https:\/\/arcanesconseils.ch\/en\/legal-notices\/\" \/>\n<meta property=\"og:site_name\" content=\"Arcanes Conseils - Cabinet de gestion de performance\" \/>\n<meta property=\"article:publisher\" content=\"https:\/\/www.linkedin.com\/company\/arcanes-conseils\/\" \/>\n<meta property=\"article:modified_time\" content=\"2025-06-25T13:07:48+00:00\" \/>\n<meta property=\"og:image\" content=\"https:\/\/arcanesconseils.ch\/wp-content\/uploads\/2025\/06\/Logo-Arcanes-1.png\" \/>\n\t<meta property=\"og:image:width\" content=\"320\" \/>\n\t<meta property=\"og:image:height\" content=\"219\" \/>\n\t<meta property=\"og:image:type\" content=\"image\/png\" \/>\n<meta name=\"twitter:card\" content=\"summary_large_image\" \/>\n<meta name=\"twitter:label1\" content=\"Est. reading time\" \/>\n\t<meta name=\"twitter:data1\" content=\"2 minutes\" \/>\n<script type=\"application\/ld+json\" class=\"yoast-schema-graph\">{\"@context\":\"https:\/\/schema.org\",\"@graph\":[{\"@type\":\"WebPage\",\"@id\":\"https:\/\/arcanesconseils.ch\/en\/legal-notices\/\",\"url\":\"https:\/\/arcanesconseils.ch\/en\/legal-notices\/\",\"name\":\"Legal notices | Arcanes Conseils - Cabinet de gestion de performance\",\"isPartOf\":{\"@id\":\"https:\/\/arcanesconseils.ch\/en\/#website\"},\"datePublished\":\"2024-07-04T07:36:44+00:00\",\"dateModified\":\"2025-06-25T13:07:48+00:00\",\"breadcrumb\":{\"@id\":\"https:\/\/arcanesconseils.ch\/en\/legal-notices\/#breadcrumb\"},\"inLanguage\":\"en-US\",\"potentialAction\":[{\"@type\":\"ReadAction\",\"target\":[\"https:\/\/arcanesconseils.ch\/en\/legal-notices\/\"]}]},{\"@type\":\"BreadcrumbList\",\"@id\":\"https:\/\/arcanesconseils.ch\/en\/legal-notices\/#breadcrumb\",\"itemListElement\":[{\"@type\":\"ListItem\",\"position\":1,\"name\":\"Accueil\",\"item\":\"https:\/\/arcanesconseils.ch\/en\/\"},{\"@type\":\"ListItem\",\"position\":2,\"name\":\"Legal notices\"}]},{\"@type\":\"WebSite\",\"@id\":\"https:\/\/arcanesconseils.ch\/en\/#website\",\"url\":\"https:\/\/arcanesconseils.ch\/en\/\",\"name\":\"Arcanes Conseils - Cabinet de gestion de performance\",\"description\":\"Votre partenaire de confiance \u00e0 Gen\u00e8ve - gestion administrative et financi\u00e8re - gestion organisationnelle\",\"publisher\":{\"@id\":\"https:\/\/arcanesconseils.ch\/en\/#organization\"},\"potentialAction\":[{\"@type\":\"SearchAction\",\"target\":{\"@type\":\"EntryPoint\",\"urlTemplate\":\"https:\/\/arcanesconseils.ch\/en\/?s={search_term_string}\"},\"query-input\":{\"@type\":\"PropertyValueSpecification\",\"valueRequired\":true,\"valueName\":\"search_term_string\"}}],\"inLanguage\":\"en-US\"},{\"@type\":\"Organization\",\"@id\":\"https:\/\/arcanesconseils.ch\/en\/#organization\",\"name\":\"Arcanes Conseils - Cabinet de gestion de performance\",\"url\":\"https:\/\/arcanesconseils.ch\/en\/\",\"logo\":{\"@type\":\"ImageObject\",\"inLanguage\":\"en-US\",\"@id\":\"https:\/\/arcanesconseils.ch\/en\/#\/schema\/logo\/image\/\",\"url\":\"https:\/\/arcanesconseils.ch\/wp-content\/uploads\/2025\/06\/Logo-Arcanes-1.png\",\"contentUrl\":\"https:\/\/arcanesconseils.ch\/wp-content\/uploads\/2025\/06\/Logo-Arcanes-1.png\",\"width\":320,\"height\":219,\"caption\":\"Arcanes Conseils - Cabinet de gestion de performance\"},\"image\":{\"@id\":\"https:\/\/arcanesconseils.ch\/en\/#\/schema\/logo\/image\/\"},\"sameAs\":[\"https:\/\/www.linkedin.com\/company\/arcanes-conseils\/\"]}]}<\/script>\n<!-- \/ Yoast SEO plugin. -->","yoast_head_json":{"title":"Legal notices | Arcanes Conseils - Cabinet de gestion de performance","robots":{"index":"noindex","follow":"nofollow"},"og_locale":"en_US","og_type":"article","og_title":"Legal notices | Arcanes Conseils - Cabinet de gestion de performance","og_description":"Social reason : ARCANES CONSEILS SARLAddress : Av. Rosemont 12 bis | 1208 Geneva Switzerland Phone : +41 79 959 26 04 | +41 76 607 99..","og_url":"https:\/\/arcanesconseils.ch\/en\/legal-notices\/","og_site_name":"Arcanes Conseils - Cabinet de gestion de performance","article_publisher":"https:\/\/www.linkedin.com\/company\/arcanes-conseils\/","article_modified_time":"2025-06-25T13:07:48+00:00","og_image":[{"width":320,"height":219,"url":"https:\/\/arcanesconseils.ch\/wp-content\/uploads\/2025\/06\/Logo-Arcanes-1.png","type":"image\/png"}],"twitter_card":"summary_large_image","twitter_misc":{"Est. reading time":"2 minutes"},"schema":{"@context":"https:\/\/schema.org","@graph":[{"@type":"WebPage","@id":"https:\/\/arcanesconseils.ch\/en\/legal-notices\/","url":"https:\/\/arcanesconseils.ch\/en\/legal-notices\/","name":"Legal notices | Arcanes Conseils - Cabinet de gestion de performance","isPartOf":{"@id":"https:\/\/arcanesconseils.ch\/en\/#website"},"datePublished":"2024-07-04T07:36:44+00:00","dateModified":"2025-06-25T13:07:48+00:00","breadcrumb":{"@id":"https:\/\/arcanesconseils.ch\/en\/legal-notices\/#breadcrumb"},"inLanguage":"en-US","potentialAction":[{"@type":"ReadAction","target":["https:\/\/arcanesconseils.ch\/en\/legal-notices\/"]}]},{"@type":"BreadcrumbList","@id":"https:\/\/arcanesconseils.ch\/en\/legal-notices\/#breadcrumb","itemListElement":[{"@type":"ListItem","position":1,"name":"Accueil","item":"https:\/\/arcanesconseils.ch\/en\/"},{"@type":"ListItem","position":2,"name":"Legal notices"}]},{"@type":"WebSite","@id":"https:\/\/arcanesconseils.ch\/en\/#website","url":"https:\/\/arcanesconseils.ch\/en\/","name":"Arcanes Conseils - Cabinet de gestion de performance","description":"Votre partenaire de confiance \u00e0 Gen\u00e8ve - gestion administrative et financi\u00e8re - gestion organisationnelle","publisher":{"@id":"https:\/\/arcanesconseils.ch\/en\/#organization"},"potentialAction":[{"@type":"SearchAction","target":{"@type":"EntryPoint","urlTemplate":"https:\/\/arcanesconseils.ch\/en\/?s={search_term_string}"},"query-input":{"@type":"PropertyValueSpecification","valueRequired":true,"valueName":"search_term_string"}}],"inLanguage":"en-US"},{"@type":"Organization","@id":"https:\/\/arcanesconseils.ch\/en\/#organization","name":"Arcanes Conseils - Cabinet de gestion de performance","url":"https:\/\/arcanesconseils.ch\/en\/","logo":{"@type":"ImageObject","inLanguage":"en-US","@id":"https:\/\/arcanesconseils.ch\/en\/#\/schema\/logo\/image\/","url":"https:\/\/arcanesconseils.ch\/wp-content\/uploads\/2025\/06\/Logo-Arcanes-1.png","contentUrl":"https:\/\/arcanesconseils.ch\/wp-content\/uploads\/2025\/06\/Logo-Arcanes-1.png","width":320,"height":219,"caption":"Arcanes Conseils - Cabinet de gestion de performance"},"image":{"@id":"https:\/\/arcanesconseils.ch\/en\/#\/schema\/logo\/image\/"},"sameAs":["https:\/\/www.linkedin.com\/company\/arcanes-conseils\/"]}]}},"_links":{"self":[{"href":"https:\/\/arcanesconseils.ch\/en\/wp-json\/wp\/v2\/pages\/95014","targetHints":{"allow":["GET"]}}],"collection":[{"href":"https:\/\/arcanesconseils.ch\/en\/wp-json\/wp\/v2\/pages"}],"about":[{"href":"https:\/\/arcanesconseils.ch\/en\/wp-json\/wp\/v2\/types\/page"}],"author":[{"embeddable":true,"href":"https:\/\/arcanesconseils.ch\/en\/wp-json\/wp\/v2\/users\/1"}],"replies":[{"embeddable":true,"href":"https:\/\/arcanesconseils.ch\/en\/wp-json\/wp\/v2\/comments?post=95014"}],"version-history":[{"count":7,"href":"https:\/\/arcanesconseils.ch\/en\/wp-json\/wp\/v2\/pages\/95014\/revisions"}],"predecessor-version":[{"id":95126,"href":"https:\/\/arcanesconseils.ch\/en\/wp-json\/wp\/v2\/pages\/95014\/revisions\/95126"}],"wp:attachment":[{"href":"https:\/\/arcanesconseils.ch\/en\/wp-json\/wp\/v2\/media?parent=95014"}],"curies":[{"name":"wp","href":"https:\/\/api.w.org\/{rel}","templated":true}]}}