{"id":95001,"date":"2025-05-07T11:06:29","date_gmt":"2025-05-07T09:06:29","guid":{"rendered":"https:\/\/arcanesconseils.ch\/privacy-policy\/"},"modified":"2025-06-25T15:08:45","modified_gmt":"2025-06-25T13:08:45","slug":"privacy-policy","status":"publish","type":"page","link":"https:\/\/arcanesconseils.ch\/en\/privacy-policy\/","title":{"rendered":"Privacy policy"},"content":{"rendered":"\t\t<div data-elementor-type=\"wp-page\" data-elementor-id=\"95001\" class=\"elementor elementor-95001 elementor-3\">\n\t\t\t\t<div class=\"elementor-element elementor-element-499af40d e-flex e-con-boxed text-reveal-no e-con e-parent\" data-id=\"499af40d\" data-element_type=\"container\">\n\t\t\t\t\t<div class=\"e-con-inner\">\n\t\t\t\t<div class=\"elementor-element elementor-element-1813d4d8 elementor-widget elementor-widget-text-editor\" data-id=\"1813d4d8\" data-element_type=\"widget\" data-widget_type=\"text-editor.default\">\n\t\t\t\t<div class=\"elementor-widget-container\">\n\t\t\t\t\t\t\t\t\t<h4><span style=\"color: #000000;\">1. Data protection<\/span><\/h4><p><span style=\"color: #000000;\">ARCANES CONSEILS takes the protection of your personal data very seriously. We treat your personal data confidentially and in accordance with the legal provisions of the Swiss Federal Data Protection Act (nLPD) and this data protection declaration. <\/span><\/p><p><span style=\"color: #000000;\">You can use our site without providing any personal data. Insofar as personal data (e.g. name, address or e-mail address) is collected on our site in order to enable you to benefit from a subscription, this is always done on a voluntary basis. This data is not passed on to third parties. <\/span><\/p><h4><span style=\"color: #000000;\">2. Collection of personal data<\/span><\/h4><p><span style=\"color: #000000;\">We only collect personal data if it is necessary for the provision of the specific service.<\/span><br \/><span style=\"color: #000000;\">You can visit www.arcanesconseils.ch without providing any personal information. We only store access data without personal reference, such as the name of your Internet service provider, the page from which you visit us or the name of the file requested. This data is evaluated exclusively for the purpose of improving our site and does not allow any conclusions to be drawn about your identity. <\/span><\/p><p><span style=\"color: #000000;\">Personal data relating to a subscriber&#8217;s identity, such as name, address, postal address, telephone number or e-mail address, are only collected on our website if you provide them voluntarily when you register for a subscription via the website&#8217;s contact form or in some other way, for example by e-mail.<\/span><\/p><h4><span style=\"color: #000000;\">3. Use of personal data<\/span><\/h4><p><span style=\"color: #000000;\">Personal data collected on :<\/span><\/p><ul><li><span style=\"color: #000000;\">Contact form<\/span><\/li><\/ul><p><span style=\"color: #000000;\">are :<\/span><\/p><ul><li><span style=\"color: #000000;\">The name,<\/span><\/li><li><span style=\"color: #000000;\">First name,<\/span><\/li><li><span style=\"color: #000000;\">Phone number,<\/span><\/li><li><span style=\"color: #000000;\">Email address,<\/span><\/li><\/ul><p><span style=\"color: #000000;\">This form data is copied to www.arcanesconseils.ch.<\/span><\/p><p><span style=\"color: #000000;\">The data is only used (and only for this purpose) to respond specifically to inquiries from customers or potential customers in connection with the activities of ARCANES CONSEILS.<\/span><\/p><h4><span style=\"color: #000000;\">4. Transfer of personal data to third parties<\/span><\/h4><p><span style=\"color: #000000;\">Your data will not be passed on unless we are legally obliged to do so (e.g. at the request of an investigating authority) or authorized to do so (e.g. in connection with the processing of order data) or you have expressly consented to it being passed on to third parties.<\/span><br \/><span style=\"color: #000000;\">In particular, data is passed on to third parties if this is necessary for the execution and processing of the contract. These third parties are, of course, obliged to protect your data and to use it only for the specific purpose assigned to them. In addition, they are obliged to process the data in accordance with this data protection declaration and the applicable legal situation. <\/span><\/p><h4><span style=\"color: #000000;\">5. Right to information, deletion, blocking<\/span><\/h4><p><span style=\"color: #000000;\">You have the right to obtain information at any time about your stored personal data, its origin and recipients and the purpose of data processing, as well as the right to rectify, block or delete such data.<\/span><\/p><p><span style=\"color: #000000;\">If you wish to permanently remove your personal data from our database, simply ask us using our contact form, accessible to all our subscribers.<\/span><\/p><h4><span style=\"color: #000000;\">6. Data security<\/span><\/h4><p><span style=\"color: #000000;\">Your personal data, which is exchanged with us via the website, is generally transmitted in encrypted form, which corresponds to the current state of the art. We use technical and organizational measures to protect our website and other systems against loss, destruction, access, modification or distribution of your data by unauthorized persons. <\/span><\/p><h4><span style=\"color: #000000;\">7. Use of cookies<\/span><\/h4><p><span style=\"color: #000000;\">Please consult <a style=\"color: #000000;\" href=\"https:\/\/arcanesconseils.ch\/en\/cookie-policy\/\">our Cookie Statement<\/a> to find out how you can adjust your cookie settings and for detailed information about the cookies we use and how we use them.<\/span><\/p><h4><span style=\"color: #000000;\">8. References to external links<\/span><\/h4><p><span style=\"color: #000000;\">Articles on this site may include embedded content (e.g. videos, images, articles, etc.). Embedded content from other sites behaves in the same way as if the visitor were visiting that other site. <\/span><\/p><p><span style=\"color: #000000;\">These websites may collect data about you, use cookies, embed third-party tracking tools, track your interactions with these embedded contents if you have a logged-in account on their website.<\/span><\/p><h4><span style=\"color: #000000;\">9. Modifications<\/span><\/h4><div><span style=\"color: #000000;\">We may change this privacy policy without notice. The version currently published on our website will apply. If the privacy policy forms part of an agreement with you, we will notify you by e-mail or other appropriate means if we change it. <\/span><\/div><div>\u00a0<\/div><div><div><h4><span style=\"color: #000000;\">10. Question to the Data Protection Officer<\/span><\/h4><p><span style=\"color: #000000;\">If you have any questions about our privacy policy, please send us an e-mail via our contact form.<\/span><\/p><\/div><\/div><div>\u00a0<\/div><div>\u00a0<\/div><div>\u00a0<\/div>\t\t\t\t\t\t\t\t<\/div>\n\t\t\t\t<\/div>\n\t\t\t\t\t<\/div>\n\t\t\t\t<\/div>\n\t\t\t\t<\/div>\n\t\t","protected":false},"excerpt":{"rendered":"<p>1. Data protection ARCANES CONSEILS takes the protection of your personal data very seriously. We treat your personal data confidentially and in accordance with the legal provisions..<\/p>\n","protected":false},"author":1,"featured_media":0,"parent":0,"menu_order":0,"comment_status":"closed","ping_status":"open","template":"","meta":{"footnotes":""},"class_list":["post-95001","page","type-page","status-publish","hentry"],"yoast_head":"<!-- This site is optimized with the Yoast SEO plugin v25.3.1 - https:\/\/yoast.com\/wordpress\/plugins\/seo\/ -->\n<title>Privacy policy | Arcanes Conseils - Cabinet de gestion de performance<\/title>\n<meta name=\"robots\" content=\"noindex, nofollow\" \/>\n<meta property=\"og:locale\" content=\"en_US\" \/>\n<meta property=\"og:type\" content=\"article\" \/>\n<meta property=\"og:title\" content=\"Privacy policy | Arcanes Conseils - Cabinet de gestion de performance\" \/>\n<meta property=\"og:description\" content=\"1. Data protection ARCANES CONSEILS takes the protection of your personal data very seriously. We treat your personal data confidentially and in accordance with the legal provisions..\" \/>\n<meta property=\"og:url\" content=\"https:\/\/arcanesconseils.ch\/en\/privacy-policy\/\" \/>\n<meta property=\"og:site_name\" content=\"Arcanes Conseils - Cabinet de gestion de performance\" \/>\n<meta property=\"article:publisher\" content=\"https:\/\/www.linkedin.com\/company\/arcanes-conseils\/\" \/>\n<meta property=\"article:modified_time\" content=\"2025-06-25T13:08:45+00:00\" \/>\n<meta property=\"og:image\" content=\"https:\/\/arcanesconseils.ch\/wp-content\/uploads\/2025\/06\/Logo-Arcanes-1.png\" \/>\n\t<meta property=\"og:image:width\" content=\"320\" \/>\n\t<meta property=\"og:image:height\" content=\"219\" \/>\n\t<meta property=\"og:image:type\" content=\"image\/png\" \/>\n<meta name=\"twitter:card\" content=\"summary_large_image\" \/>\n<meta name=\"twitter:label1\" content=\"Est. reading time\" \/>\n\t<meta name=\"twitter:data1\" content=\"4 minutes\" \/>\n<script type=\"application\/ld+json\" class=\"yoast-schema-graph\">{\"@context\":\"https:\/\/schema.org\",\"@graph\":[{\"@type\":\"WebPage\",\"@id\":\"https:\/\/arcanesconseils.ch\/en\/privacy-policy\/\",\"url\":\"https:\/\/arcanesconseils.ch\/en\/privacy-policy\/\",\"name\":\"Privacy policy | Arcanes Conseils - Cabinet de gestion de performance\",\"isPartOf\":{\"@id\":\"https:\/\/arcanesconseils.ch\/en\/#website\"},\"datePublished\":\"2025-05-07T09:06:29+00:00\",\"dateModified\":\"2025-06-25T13:08:45+00:00\",\"breadcrumb\":{\"@id\":\"https:\/\/arcanesconseils.ch\/en\/privacy-policy\/#breadcrumb\"},\"inLanguage\":\"en-US\",\"potentialAction\":[{\"@type\":\"ReadAction\",\"target\":[\"https:\/\/arcanesconseils.ch\/en\/privacy-policy\/\"]}]},{\"@type\":\"BreadcrumbList\",\"@id\":\"https:\/\/arcanesconseils.ch\/en\/privacy-policy\/#breadcrumb\",\"itemListElement\":[{\"@type\":\"ListItem\",\"position\":1,\"name\":\"Accueil\",\"item\":\"https:\/\/arcanesconseils.ch\/en\/\"},{\"@type\":\"ListItem\",\"position\":2,\"name\":\"Privacy policy\"}]},{\"@type\":\"WebSite\",\"@id\":\"https:\/\/arcanesconseils.ch\/en\/#website\",\"url\":\"https:\/\/arcanesconseils.ch\/en\/\",\"name\":\"Arcanes Conseils - Cabinet de gestion de performance\",\"description\":\"Votre partenaire de confiance \u00e0 Gen\u00e8ve - gestion administrative et financi\u00e8re - gestion organisationnelle\",\"publisher\":{\"@id\":\"https:\/\/arcanesconseils.ch\/en\/#organization\"},\"potentialAction\":[{\"@type\":\"SearchAction\",\"target\":{\"@type\":\"EntryPoint\",\"urlTemplate\":\"https:\/\/arcanesconseils.ch\/en\/?s={search_term_string}\"},\"query-input\":{\"@type\":\"PropertyValueSpecification\",\"valueRequired\":true,\"valueName\":\"search_term_string\"}}],\"inLanguage\":\"en-US\"},{\"@type\":\"Organization\",\"@id\":\"https:\/\/arcanesconseils.ch\/en\/#organization\",\"name\":\"Arcanes Conseils - Cabinet de gestion de performance\",\"url\":\"https:\/\/arcanesconseils.ch\/en\/\",\"logo\":{\"@type\":\"ImageObject\",\"inLanguage\":\"en-US\",\"@id\":\"https:\/\/arcanesconseils.ch\/en\/#\/schema\/logo\/image\/\",\"url\":\"https:\/\/arcanesconseils.ch\/wp-content\/uploads\/2025\/06\/Logo-Arcanes-1.png\",\"contentUrl\":\"https:\/\/arcanesconseils.ch\/wp-content\/uploads\/2025\/06\/Logo-Arcanes-1.png\",\"width\":320,\"height\":219,\"caption\":\"Arcanes Conseils - Cabinet de gestion de performance\"},\"image\":{\"@id\":\"https:\/\/arcanesconseils.ch\/en\/#\/schema\/logo\/image\/\"},\"sameAs\":[\"https:\/\/www.linkedin.com\/company\/arcanes-conseils\/\"]}]}<\/script>\n<!-- \/ Yoast SEO plugin. -->","yoast_head_json":{"title":"Privacy policy | Arcanes Conseils - Cabinet de gestion de performance","robots":{"index":"noindex","follow":"nofollow"},"og_locale":"en_US","og_type":"article","og_title":"Privacy policy | Arcanes Conseils - Cabinet de gestion de performance","og_description":"1. Data protection ARCANES CONSEILS takes the protection of your personal data very seriously. We treat your personal data confidentially and in accordance with the legal provisions..","og_url":"https:\/\/arcanesconseils.ch\/en\/privacy-policy\/","og_site_name":"Arcanes Conseils - Cabinet de gestion de performance","article_publisher":"https:\/\/www.linkedin.com\/company\/arcanes-conseils\/","article_modified_time":"2025-06-25T13:08:45+00:00","og_image":[{"width":320,"height":219,"url":"https:\/\/arcanesconseils.ch\/wp-content\/uploads\/2025\/06\/Logo-Arcanes-1.png","type":"image\/png"}],"twitter_card":"summary_large_image","twitter_misc":{"Est. reading time":"4 minutes"},"schema":{"@context":"https:\/\/schema.org","@graph":[{"@type":"WebPage","@id":"https:\/\/arcanesconseils.ch\/en\/privacy-policy\/","url":"https:\/\/arcanesconseils.ch\/en\/privacy-policy\/","name":"Privacy policy | Arcanes Conseils - Cabinet de gestion de performance","isPartOf":{"@id":"https:\/\/arcanesconseils.ch\/en\/#website"},"datePublished":"2025-05-07T09:06:29+00:00","dateModified":"2025-06-25T13:08:45+00:00","breadcrumb":{"@id":"https:\/\/arcanesconseils.ch\/en\/privacy-policy\/#breadcrumb"},"inLanguage":"en-US","potentialAction":[{"@type":"ReadAction","target":["https:\/\/arcanesconseils.ch\/en\/privacy-policy\/"]}]},{"@type":"BreadcrumbList","@id":"https:\/\/arcanesconseils.ch\/en\/privacy-policy\/#breadcrumb","itemListElement":[{"@type":"ListItem","position":1,"name":"Accueil","item":"https:\/\/arcanesconseils.ch\/en\/"},{"@type":"ListItem","position":2,"name":"Privacy policy"}]},{"@type":"WebSite","@id":"https:\/\/arcanesconseils.ch\/en\/#website","url":"https:\/\/arcanesconseils.ch\/en\/","name":"Arcanes Conseils - Cabinet de gestion de performance","description":"Votre partenaire de confiance \u00e0 Gen\u00e8ve - gestion administrative et financi\u00e8re - gestion organisationnelle","publisher":{"@id":"https:\/\/arcanesconseils.ch\/en\/#organization"},"potentialAction":[{"@type":"SearchAction","target":{"@type":"EntryPoint","urlTemplate":"https:\/\/arcanesconseils.ch\/en\/?s={search_term_string}"},"query-input":{"@type":"PropertyValueSpecification","valueRequired":true,"valueName":"search_term_string"}}],"inLanguage":"en-US"},{"@type":"Organization","@id":"https:\/\/arcanesconseils.ch\/en\/#organization","name":"Arcanes Conseils - Cabinet de gestion de performance","url":"https:\/\/arcanesconseils.ch\/en\/","logo":{"@type":"ImageObject","inLanguage":"en-US","@id":"https:\/\/arcanesconseils.ch\/en\/#\/schema\/logo\/image\/","url":"https:\/\/arcanesconseils.ch\/wp-content\/uploads\/2025\/06\/Logo-Arcanes-1.png","contentUrl":"https:\/\/arcanesconseils.ch\/wp-content\/uploads\/2025\/06\/Logo-Arcanes-1.png","width":320,"height":219,"caption":"Arcanes Conseils - Cabinet de gestion de performance"},"image":{"@id":"https:\/\/arcanesconseils.ch\/en\/#\/schema\/logo\/image\/"},"sameAs":["https:\/\/www.linkedin.com\/company\/arcanes-conseils\/"]}]}},"_links":{"self":[{"href":"https:\/\/arcanesconseils.ch\/en\/wp-json\/wp\/v2\/pages\/95001","targetHints":{"allow":["GET"]}}],"collection":[{"href":"https:\/\/arcanesconseils.ch\/en\/wp-json\/wp\/v2\/pages"}],"about":[{"href":"https:\/\/arcanesconseils.ch\/en\/wp-json\/wp\/v2\/types\/page"}],"author":[{"embeddable":true,"href":"https:\/\/arcanesconseils.ch\/en\/wp-json\/wp\/v2\/users\/1"}],"replies":[{"embeddable":true,"href":"https:\/\/arcanesconseils.ch\/en\/wp-json\/wp\/v2\/comments?post=95001"}],"version-history":[{"count":16,"href":"https:\/\/arcanesconseils.ch\/en\/wp-json\/wp\/v2\/pages\/95001\/revisions"}],"predecessor-version":[{"id":95123,"href":"https:\/\/arcanesconseils.ch\/en\/wp-json\/wp\/v2\/pages\/95001\/revisions\/95123"}],"wp:attachment":[{"href":"https:\/\/arcanesconseils.ch\/en\/wp-json\/wp\/v2\/media?parent=95001"}],"curies":[{"name":"wp","href":"https:\/\/api.w.org\/{rel}","templated":true}]}}